{"id":471,"date":"2021-05-08T08:30:11","date_gmt":"2021-05-08T08:30:11","guid":{"rendered":"https:\/\/ehidraulic.ro\/?page_id=471"},"modified":"2021-05-08T08:52:48","modified_gmt":"2021-05-08T08:52:48","slug":"confidentialitate","status":"publish","type":"page","link":"https:\/\/ehidraulic.ro\/?page_id=471","title":{"rendered":"confidentialitate"},"content":{"rendered":"\n<div class=\"row\"  id=\"row-878106591\">\n\n\n\t<div id=\"col-351057800\" class=\"col small-12 large-12\"  >\n\t\t<div class=\"col-inner\"  >\n\t\t\t\n\t\t\t\n\n<div class=\"rte\">\n<h3 class=\"articleTitle\">Prelucrarea datelor cu caracter personal<\/h3>\n<p>Tehnoanalitic Services s.r.l. depune toate eforturile necesare pentru a prelucra datele dumneavoastr\u0103 \u00een deplin\u0103 concordan\u021b\u0103 cu Regulamentul (UE) 2016\/679 (<strong>Regulamentul general privind protec\u021bia datelor<\/strong>\u00a0sau\u00a0<strong>GDPR<\/strong>), precum \u0219i cu orice alt\u0103 legisla\u021bie aplicabil\u0103 pe teritoriul Romaniei.\u00a0 Dorim s\u0103 v\u0103 inform\u0103m despre modul \u00een care colect\u0103m, utiliz\u0103m, transfer\u0103m \u0219i protej\u0103m datele dvs cu caracter personal atunci c\u00e2nd interac\u021biona\u021bi cu noi \u00een leg\u0103tur\u0103 cu produsele \u0219i serviciile noastre,prin intermediu site-ului nostru ehidraulic.ro<\/p>\n<p>Ne rezerv\u0103m dreptul de a actualiza \u0219i modifica periodic aceast\u0103 Politic\u0103 de Confiden\u021bialitate, pentru a reflecta orice modific\u0103ri ale modului \u00een care prelucr\u0103m datele dumneavoastr\u0103 cu caracter personal sau orice modific\u0103ri ale cerin\u021belor legale. \u00cen cazul oric\u0103rei astfel de modific\u0103ri, vom afi\u0219a pe website-ul nostru versiunea modificat\u0103 a Politicii de Confiden\u021bialitate, motiv pentru care va rugam sa verificati periodic continutul acestei Politici de Confidentialitate.<\/p>\n<h3 class=\"articleTitle\">Cine suntem<\/h3>\n<p>Site-ul ehidraulic.ro este detinut de compania Tehnoanalitic Services s.r.l., avand sediul social in Aleea Tincani nr. 4 A Bucuresti, sector 6 si datele de identificare CUI: RO43699426<\/p>\n<p>Putem fi contactati la telefon +40722158644 sau la email : office@ehidraulic.ro<\/p>\n<h3 class=\"articleTitle\">Ce date cu caracter personal prelucram<\/h3>\n<p>C\u00e2nd v\u0103 crea\u021bi un cont pe site-ul ehidraulic.ro , ne transmite\u021bi: adresa de e-mail, numele \u0219i prenumele.\u00cen cadrul paginii dvs. personale (Contul meu) din site-ul ehidraulic.ro, ave\u021bi posibilitatea s\u0103 ad\u0103uga\u021bi informa\u021bii suplimentare, precum: genul, num\u0103r telefon mobil, num\u0103r telefon fix, adrese de livrare etc. C\u00e2nd plasa\u021bi o comand\u0103, ne furniza\u021bi informa\u021bii precum: produsul dorit, numele si prenumele, adresa de livrare, detalii de facturare, metoda de plat\u0103, num\u0103r de telefon etc.<\/p>\n<p>Putem, de asemenea, s\u0103 colect\u0103m \u0219i s\u0103 prelucr\u0103m ulterior anumite informa\u021bii cu privire la comportamentul dvs \u00een timpul vizit\u0103rii site-ului nostru web sau a folosirii aplica\u021biei smartphone, pentru a v\u0103 personaliza experien\u021ba online \u0219i a v\u0103 pune la dispozi\u021bie oferte adaptate profilului dvs.\u00a0<\/p>\n<p>Pe site-ul nostru web ehidraulic.ro putem stoca \u0219i colecta informa\u021bii in cookie-uri \u0219i tehnologii similare, conform Politicii de cookie-uri.<\/p>\n<p>Nu colect\u0103m \u0219i nu prelucr\u0103m \u00een alt mod date sensibile, incluse de Regulamentul general privind protec\u021bia datelor \u00een categorii speciale de date cu caracter personal. De asemenea, nu dorim s\u0103 colect\u0103m sau s\u0103 prelucr\u0103m date ale minorilor care nu au \u00eemplinit varsta de 16 ani.<\/p>\n<h3 class=\"articleTitle\">Cum le folosim<\/h3>\n<p>Vom utiliza datele dvs. cu caracter personal \u00een urm\u0103toarele scopuri:<\/p>\n<p>Crearea \u0219i administrarea contului \u00een cadrul platformei ehidraulic.ro<\/p>\n<p>Prelucrarea comenzilor, inclusiv preluarea, validarea, expedierea \u0219i facturarea acestora<\/p>\n<p>Solutionarea anul\u0103rilor sau a problemelor de orice natur\u0103 referitoare la o comand\u0103, la bunurile sau serviciile achizi\u021bionate<\/p>\n<p>Returnarea produselor conform prevederilor legale<\/p>\n<p>Rambursarea contravalorii produselor conform prevederilor legale<\/p>\n<h3 class=\"articleTitle\">Cum\u00a0protejam securitatea datelor dvs.<\/h3>\n<p>Ne angaj\u0103m s\u0103 asigur\u0103m securitatea datelor cu caracter personal prin implementarea unor m\u0103suri tehnice \u0219i organizatorice adecvate, conform standardelor industriei.<\/p>\n<p>Transmisia datelor dvs. cu caracter personal se face folosind algoritmi de criptare de ultim\u0103 genera\u021bie si le stocam pe servere securizate, asigur\u00e2nd in acelasi timp redundan\u021ba datelor.<\/p>\n<p>\u00cen ciuda m\u0103surilor luate pentru a proteja datele dvs. cu caracter personal, v\u0103 atragem aten\u0163ia c\u0103 transmiterea informa\u0163iilor prin Internet, \u00een general, sau prin intermediul altor re\u0163ele publice, nu este complet sigur\u0103, exist\u00e2nd riscul ca datele s\u0103 fie v\u0103zute \u015fi utilizate de c\u0103tre ter\u0163e p\u0103r\u0163i neautorizate. Nu putem fi responsabili pentru astfel de vulnerabilit\u0103\u021bi ale unor sisteme care nu sunt sub controlul nostru.<\/p>\n<h3 class=\"articleTitle\">Cat timp pastram datele dvs.<\/h3>\n<p>Ca regul\u0103 general\u0103, vom stoca datele dvs. cu caracter personal c\u00e2t timp ave\u021bi un cont \u00een site-ul ehidraulic.ro. Pute\u021bi s\u0103 ne solicita\u021bi oric\u00e2nd \u0219tergerea anumitor informa\u021bii sau \u00eenchiderea contului \u0219i vom da curs acestor solicit\u0103ri, sub rezerva p\u0103str\u0103rii anumitor informa\u021bii inclusiv ulterior \u00eenchiderii contului, \u00een situa\u021biile \u00een care legisla\u021bia aplicabil\u0103 sau interesele noastre legitime o impun.<\/p>\n<\/div>\n\n\t\t<\/div>\n\t\t\t<\/div>\n\n\t\n\n<\/div>\n\n\n","protected":false},"excerpt":{"rendered":"","protected":false},"author":1,"featured_media":0,"parent":0,"menu_order":0,"comment_status":"closed","ping_status":"closed","template":"","meta":{"footnotes":""},"class_list":["post-471","page","type-page","status-publish","hentry"],"yoast_head":"<!-- This site is optimized with the Yoast SEO plugin v27.5 - https:\/\/yoast.com\/product\/yoast-seo-wordpress\/ -->\n<title>confidentialitate - ehidraulic<\/title>\n<meta name=\"description\" content=\"Oferim solutii in domeniul actionarilor hidraulice \u2013 pompe, motoare, distribuitoare, supape de presiune, filtre, manometre, presostate, indicatoare de nivel, cuple rapide.\" \/>\n<meta name=\"robots\" content=\"index, follow, max-snippet:-1, max-image-preview:large, max-video-preview:-1\" \/>\n<link rel=\"canonical\" href=\"https:\/\/ehidraulic.ro\/?page_id=471\" \/>\n<meta property=\"og:locale\" content=\"ro_RO\" \/>\n<meta property=\"og:type\" content=\"article\" \/>\n<meta property=\"og:title\" content=\"confidentialitate - ehidraulic\" \/>\n<meta property=\"og:description\" content=\"Oferim solutii in domeniul actionarilor hidraulice \u2013 pompe, motoare, distribuitoare, supape de presiune, filtre, manometre, presostate, indicatoare de nivel, cuple rapide.\" \/>\n<meta property=\"og:url\" content=\"https:\/\/ehidraulic.ro\/?page_id=471\" \/>\n<meta property=\"og:site_name\" content=\"ehidraulic\" \/>\n<meta property=\"article:modified_time\" content=\"2021-05-08T08:52:48+00:00\" \/>\n<meta name=\"twitter:card\" content=\"summary_large_image\" \/>\n<meta name=\"twitter:label1\" content=\"Timp estimat pentru citire\" \/>\n\t<meta name=\"twitter:data1\" content=\"3 minute\" \/>\n<script type=\"application\/ld+json\" class=\"yoast-schema-graph\">{\"@context\":\"https:\\\/\\\/schema.org\",\"@graph\":[{\"@type\":\"WebPage\",\"@id\":\"https:\\\/\\\/ehidraulic.ro\\\/?page_id=471\",\"url\":\"https:\\\/\\\/ehidraulic.ro\\\/?page_id=471\",\"name\":\"confidentialitate - ehidraulic\",\"isPartOf\":{\"@id\":\"https:\\\/\\\/ehidraulic.ro\\\/#website\"},\"datePublished\":\"2021-05-08T08:30:11+00:00\",\"dateModified\":\"2021-05-08T08:52:48+00:00\",\"description\":\"Oferim solutii in domeniul actionarilor hidraulice \u2013 pompe, motoare, distribuitoare, supape de presiune, filtre, manometre, presostate, indicatoare de nivel, cuple rapide.\",\"breadcrumb\":{\"@id\":\"https:\\\/\\\/ehidraulic.ro\\\/?page_id=471#breadcrumb\"},\"inLanguage\":\"ro-RO\",\"potentialAction\":[{\"@type\":\"ReadAction\",\"target\":[\"https:\\\/\\\/ehidraulic.ro\\\/?page_id=471\"]}]},{\"@type\":\"BreadcrumbList\",\"@id\":\"https:\\\/\\\/ehidraulic.ro\\\/?page_id=471#breadcrumb\",\"itemListElement\":[{\"@type\":\"ListItem\",\"position\":1,\"name\":\"Prima pagin\u0103\",\"item\":\"https:\\\/\\\/ehidraulic.ro\\\/\"},{\"@type\":\"ListItem\",\"position\":2,\"name\":\"confidentialitate\"}]},{\"@type\":\"WebSite\",\"@id\":\"https:\\\/\\\/ehidraulic.ro\\\/#website\",\"url\":\"https:\\\/\\\/ehidraulic.ro\\\/\",\"name\":\"ehidraulic\",\"description\":\"Profesionalism si eficienta sub presiune\",\"publisher\":{\"@id\":\"https:\\\/\\\/ehidraulic.ro\\\/#organization\"},\"potentialAction\":[{\"@type\":\"SearchAction\",\"target\":{\"@type\":\"EntryPoint\",\"urlTemplate\":\"https:\\\/\\\/ehidraulic.ro\\\/?s={search_term_string}\"},\"query-input\":{\"@type\":\"PropertyValueSpecification\",\"valueRequired\":true,\"valueName\":\"search_term_string\"}}],\"inLanguage\":\"ro-RO\"},{\"@type\":\"Organization\",\"@id\":\"https:\\\/\\\/ehidraulic.ro\\\/#organization\",\"name\":\"Tehnoanalitic Services srl\",\"url\":\"https:\\\/\\\/ehidraulic.ro\\\/\",\"logo\":{\"@type\":\"ImageObject\",\"inLanguage\":\"ro-RO\",\"@id\":\"https:\\\/\\\/ehidraulic.ro\\\/#\\\/schema\\\/logo\\\/image\\\/\",\"url\":\"https:\\\/\\\/ehidraulic.ro\\\/wp-content\\\/uploads\\\/2021\\\/04\\\/logo-ehidraulic-2-2863-px.png\",\"contentUrl\":\"https:\\\/\\\/ehidraulic.ro\\\/wp-content\\\/uploads\\\/2021\\\/04\\\/logo-ehidraulic-2-2863-px.png\",\"width\":2863,\"height\":860,\"caption\":\"Tehnoanalitic Services srl\"},\"image\":{\"@id\":\"https:\\\/\\\/ehidraulic.ro\\\/#\\\/schema\\\/logo\\\/image\\\/\"}}]}<\/script>\n<!-- \/ Yoast SEO plugin. -->","yoast_head_json":{"title":"confidentialitate - ehidraulic","description":"Oferim solutii in domeniul actionarilor hidraulice \u2013 pompe, motoare, distribuitoare, supape de presiune, filtre, manometre, presostate, indicatoare de nivel, cuple rapide.","robots":{"index":"index","follow":"follow","max-snippet":"max-snippet:-1","max-image-preview":"max-image-preview:large","max-video-preview":"max-video-preview:-1"},"canonical":"https:\/\/ehidraulic.ro\/?page_id=471","og_locale":"ro_RO","og_type":"article","og_title":"confidentialitate - ehidraulic","og_description":"Oferim solutii in domeniul actionarilor hidraulice \u2013 pompe, motoare, distribuitoare, supape de presiune, filtre, manometre, presostate, indicatoare de nivel, cuple rapide.","og_url":"https:\/\/ehidraulic.ro\/?page_id=471","og_site_name":"ehidraulic","article_modified_time":"2021-05-08T08:52:48+00:00","twitter_card":"summary_large_image","twitter_misc":{"Timp estimat pentru citire":"3 minute"},"schema":{"@context":"https:\/\/schema.org","@graph":[{"@type":"WebPage","@id":"https:\/\/ehidraulic.ro\/?page_id=471","url":"https:\/\/ehidraulic.ro\/?page_id=471","name":"confidentialitate - ehidraulic","isPartOf":{"@id":"https:\/\/ehidraulic.ro\/#website"},"datePublished":"2021-05-08T08:30:11+00:00","dateModified":"2021-05-08T08:52:48+00:00","description":"Oferim solutii in domeniul actionarilor hidraulice \u2013 pompe, motoare, distribuitoare, supape de presiune, filtre, manometre, presostate, indicatoare de nivel, cuple rapide.","breadcrumb":{"@id":"https:\/\/ehidraulic.ro\/?page_id=471#breadcrumb"},"inLanguage":"ro-RO","potentialAction":[{"@type":"ReadAction","target":["https:\/\/ehidraulic.ro\/?page_id=471"]}]},{"@type":"BreadcrumbList","@id":"https:\/\/ehidraulic.ro\/?page_id=471#breadcrumb","itemListElement":[{"@type":"ListItem","position":1,"name":"Prima pagin\u0103","item":"https:\/\/ehidraulic.ro\/"},{"@type":"ListItem","position":2,"name":"confidentialitate"}]},{"@type":"WebSite","@id":"https:\/\/ehidraulic.ro\/#website","url":"https:\/\/ehidraulic.ro\/","name":"ehidraulic","description":"Profesionalism si eficienta sub presiune","publisher":{"@id":"https:\/\/ehidraulic.ro\/#organization"},"potentialAction":[{"@type":"SearchAction","target":{"@type":"EntryPoint","urlTemplate":"https:\/\/ehidraulic.ro\/?s={search_term_string}"},"query-input":{"@type":"PropertyValueSpecification","valueRequired":true,"valueName":"search_term_string"}}],"inLanguage":"ro-RO"},{"@type":"Organization","@id":"https:\/\/ehidraulic.ro\/#organization","name":"Tehnoanalitic Services srl","url":"https:\/\/ehidraulic.ro\/","logo":{"@type":"ImageObject","inLanguage":"ro-RO","@id":"https:\/\/ehidraulic.ro\/#\/schema\/logo\/image\/","url":"https:\/\/ehidraulic.ro\/wp-content\/uploads\/2021\/04\/logo-ehidraulic-2-2863-px.png","contentUrl":"https:\/\/ehidraulic.ro\/wp-content\/uploads\/2021\/04\/logo-ehidraulic-2-2863-px.png","width":2863,"height":860,"caption":"Tehnoanalitic Services srl"},"image":{"@id":"https:\/\/ehidraulic.ro\/#\/schema\/logo\/image\/"}}]}},"_links":{"self":[{"href":"https:\/\/ehidraulic.ro\/index.php?rest_route=\/wp\/v2\/pages\/471","targetHints":{"allow":["GET"]}}],"collection":[{"href":"https:\/\/ehidraulic.ro\/index.php?rest_route=\/wp\/v2\/pages"}],"about":[{"href":"https:\/\/ehidraulic.ro\/index.php?rest_route=\/wp\/v2\/types\/page"}],"author":[{"embeddable":true,"href":"https:\/\/ehidraulic.ro\/index.php?rest_route=\/wp\/v2\/users\/1"}],"replies":[{"embeddable":true,"href":"https:\/\/ehidraulic.ro\/index.php?rest_route=%2Fwp%2Fv2%2Fcomments&post=471"}],"version-history":[{"count":5,"href":"https:\/\/ehidraulic.ro\/index.php?rest_route=\/wp\/v2\/pages\/471\/revisions"}],"predecessor-version":[{"id":481,"href":"https:\/\/ehidraulic.ro\/index.php?rest_route=\/wp\/v2\/pages\/471\/revisions\/481"}],"wp:attachment":[{"href":"https:\/\/ehidraulic.ro\/index.php?rest_route=%2Fwp%2Fv2%2Fmedia&parent=471"}],"curies":[{"name":"wp","href":"https:\/\/api.w.org\/{rel}","templated":true}]}}